{"id":188,"date":"2026-03-24T16:42:03","date_gmt":"2026-03-24T20:42:03","guid":{"rendered":"https:\/\/iwcacanada.nuwebsite.ca\/?page_id=188"},"modified":"2026-04-15T14:20:14","modified_gmt":"2026-04-15T18:20:14","slug":"contact","status":"publish","type":"page","link":"https:\/\/iwcacanada.nuwebsite.ca\/fr\/contact\/","title":{"rendered":"Contact"},"content":{"rendered":"<div data-elementor-type=\"wp-page\" data-elementor-id=\"188\" class=\"elementor elementor-188\">\n\t\t\t\t<div class=\"elementor-element elementor-element-ea01c16 e-flex e-con-boxed e-con e-parent\" data-id=\"ea01c16\" data-element_type=\"container\" data-e-type=\"container\">\n\t\t\t\t\t<div class=\"e-con-inner\">\n\t\t\t\t<div class=\"elementor-element elementor-element-6100f04 elementor-widget elementor-widget-heading\" data-id=\"6100f04\" data-element_type=\"widget\" data-e-type=\"widget\" data-widget_type=\"heading.default\">\n\t\t\t\t\t<h4 class=\"elementor-heading-title elementor-size-default\">Contactez-nous<\/h4>\t\t\t\t<\/div>\n\t\t\t\t<div class=\"elementor-element elementor-element-0614c27 elementor-widget elementor-widget-heading\" data-id=\"0614c27\" data-element_type=\"widget\" data-e-type=\"widget\" data-widget_type=\"heading.default\">\n\t\t\t\t\t<h1 class=\"elementor-heading-title elementor-size-default\">Entrer en contact<\/h1>\t\t\t\t<\/div>\n\t\t\t\t<div class=\"elementor-element elementor-element-d51d5bb elementor-widget__width-initial elementor-widget elementor-widget-text-editor\" data-id=\"d51d5bb\" data-element_type=\"widget\" data-e-type=\"widget\" data-widget_type=\"text-editor.default\">\n\t\t\t\t\t\t\t\t\tNous serions ravis d&#039;\u00e9changer avec vous. Que vous ayez une question, souhaitiez vous impliquer ou soyez int\u00e9ress\u00e9 par un partenariat avec IWCA Canada, notre \u00e9quipe est \u00e0 votre disposition.\t\t\t\t\t\t\t\t<\/div>\n\t\t\t\t\t<\/div>\n\t\t\t\t<\/div>\n\t\t<div class=\"elementor-element elementor-element-d33b487 e-flex e-con-boxed e-con e-parent\" data-id=\"d33b487\" data-element_type=\"container\" data-e-type=\"container\">\n\t\t\t\t\t<div class=\"e-con-inner\">\n\t\t<div class=\"elementor-element elementor-element-b779eda e-grid e-con-boxed e-con e-child\" data-id=\"b779eda\" data-element_type=\"container\" data-e-type=\"container\" data-settings=\"{&quot;background_background&quot;:&quot;classic&quot;}\">\n\t\t\t\t\t<div class=\"e-con-inner\">\n\t\t\t\t<div class=\"elementor-element elementor-element-efc1abd elementor-view-default elementor-position-block-start elementor-mobile-position-block-start elementor-widget elementor-widget-icon-box\" data-id=\"efc1abd\" data-element_type=\"widget\" data-e-type=\"widget\" data-widget_type=\"icon-box.default\">\n\t\t\t\t\t\t\t<div class=\"elementor-icon-box-wrapper\">\n\n\t\t\t\t\t\t<div class=\"elementor-icon-box-icon\">\n\t\t\t\t<span  class=\"elementor-icon\">\n\t\t\t\t<svg xmlns=\"http:\/\/www.w3.org\/2000\/svg\" id=\"Layer_17\" height=\"512\" viewbox=\"0 0 2000 2000\" width=\"512\"><path d=\"m1971.796 794.255c.206-2.012.234-4.038.111-6.062.707-11.664-4.048-23.479-13.865-31.335l-232.37-185.973v-91.792c0-86.281-70.193-156.474-156.474-156.474h-153.726l-385.645-308.64c-.013-.017-.023-.035-.036-.053-7.51-9.383-18.637-14.13-29.792-13.917-11.154-.213-22.281 4.533-29.79 13.917-.014.017-.024.035-.037.053l-385.641 308.64h-153.729c-86.281 0-156.474 70.193-156.474 156.474v91.793l-232.37 185.971c-9.818 7.856-14.572 19.671-13.865 31.335-.124 2.024-.095 4.05.11 6.062-.132 1.279-.205 2.577-.205 3.891v1025.649c0 97.16 83.422 176.204 185.96 176.204h1572.083c102.538 0 185.96-79.045 185.96-176.204v-1025.648c.001-1.314-.071-2.612-.205-3.891zm-246.123-128.04 152.408 121.977-152.408 121.978zm-725.673-580.78 296.357 237.182h-592.712zm-651.243 393.656c0-45.238 36.807-82.045 82.045-82.045h1138.396c45.238 0 82.045 36.807 82.045 82.045v110.138c0 .035-.001.071 0 .105v380.404l-651.243 521.213-651.243-521.212zm-74.429 187.124v243.955l-152.409-121.978zm-171.9 1157.581v-955.872l605.701 484.764-594.932 514.698c-6.897-13.221-10.769-27.999-10.769-43.59zm1683.614 101.775h-1572.083c-15.802 0-30.836-3.032-44.469-8.464l597.735-517.123 202.948 162.427c.013.016.023.034.037.051 7.349 9.182 18.163 13.959 29.078 13.959.237 0 .474-.024.712-.028.238.004.476.028.714.028 10.915 0 21.729-4.777 29.078-13.959.013-.016.023-.034.036-.051l202.948-162.427 597.734 517.123c-13.633 5.431-28.667 8.464-44.468 8.464zm111.53-101.775c0 15.591-3.874 30.369-10.77 43.591l-594.932-514.698 605.702-484.764zm-1280.571-1074.623h769.927c20.553 0 37.215-16.661 37.215-37.215s-16.661-37.215-37.215-37.215h-769.927c-20.554 0-37.215 16.661-37.215 37.215 0 20.553 16.661 37.215 37.215 37.215zm807.142 186.691c0-20.554-16.661-37.215-37.215-37.215h-769.927c-20.554 0-37.215 16.661-37.215 37.215s16.661 37.215 37.215 37.215h769.927c20.554 0 37.215-16.661 37.215-37.215z\"><\/path><\/svg>\t\t\t\t<\/span>\n\t\t\t<\/div>\n\t\t\t\n\t\t\t\t\t\t<div class=\"elementor-icon-box-content\">\n\n\t\t\t\t\t\t\t\t\t<h3 class=\"elementor-icon-box-title\">\n\t\t\t\t\t\t<span  >\n\t\t\t\t\t\t\tRenseignements g\u00e9n\u00e9raux\t\t\t\t\t\t<\/span>\n\t\t\t\t\t<\/h3>\n\t\t\t\t\n\t\t\t\t\t\t\t\t\t<p class=\"elementor-icon-box-description\">\n\t\t\t\t\t\tDes questions sur IWCA Canada, notre mission ou comment s&#039;impliquer ?.\t\t\t\t\t<\/p>\n\t\t\t\t\n\t\t\t<\/div>\n\t\t\t\n\t\t<\/div>\n\t\t\t\t\t\t<\/div>\n\t\t\t\t<div class=\"elementor-element elementor-element-6a4b2d5 elementor-view-default elementor-position-block-start elementor-mobile-position-block-start elementor-widget elementor-widget-icon-box\" data-id=\"6a4b2d5\" data-element_type=\"widget\" data-e-type=\"widget\" data-widget_type=\"icon-box.default\">\n\t\t\t\t\t\t\t<div class=\"elementor-icon-box-wrapper\">\n\n\t\t\t\t\t\t<div class=\"elementor-icon-box-icon\">\n\t\t\t\t<span  class=\"elementor-icon\">\n\t\t\t\t<svg xmlns=\"http:\/\/www.w3.org\/2000\/svg\" id=\"Layer_1\" viewbox=\"0 0 512 512\"><path d=\"m484.822 182.949h-2.58c-6.862-19.521-19.473-36.976-36.004-49.616-9.609-7.347-20.184-12.906-31.392-16.595 14.825-10.515 24.528-27.798 24.528-47.317 0-31.976-26.014-57.989-57.988-57.989-31.976 0-57.989 26.014-57.989 57.989 0 19.552 9.737 36.863 24.606 47.372-10.445 3.435-20.345 8.469-29.306 14.96-9.029-6.561-18.856-11.599-29.236-15.014 14.826-10.515 24.529-27.799 24.529-47.317 0-31.976-26.014-57.989-57.989-57.989s-57.989 26.014-57.989 57.989c0 19.518 9.703 36.802 24.528 47.317-10.381 3.416-20.209 8.454-29.238 15.015-8.96-6.491-18.86-11.524-29.304-14.959 14.869-10.509 24.606-27.82 24.606-47.372 0-31.976-26.014-57.989-57.989-57.989s-57.988 26.014-57.988 57.989c0 19.518 9.703 36.802 24.528 47.317-11.208 3.688-21.785 9.248-31.394 16.594-16.531 12.64-29.144 30.096-36.005 49.617h-2.578c-10.574-.002-19.178 8.601-19.178 19.175v241.507c0 10.575 8.604 19.179 19.179 19.179h290.378c14.028 22.639 39.089 37.756 67.624 37.756 28.534 0 53.595-15.117 67.623-37.756h32.019c10.574 0 19.178-8.604 19.178-19.179v-241.507c-.001-10.574-8.605-19.177-19.179-19.177zm-145.425-113.528c0-23.153 18.836-41.989 41.989-41.989 23.152 0 41.988 18.836 41.988 41.989 0 23.149-18.831 41.983-41.978 41.989-.004 0-.007 0-.011 0-.003 0-.006 0-.01 0-23.147-.006-41.978-18.84-41.978-41.989zm41.99 57.989h.01c36.666.005 69.685 22.371 83.72 55.539h-108.26c-5.332-15.169-14.14-29.083-25.562-40.465 14.779-9.76 32.239-15.072 50.082-15.074.002-.001.006 0 .01 0zm-167.375-57.989c0-23.153 18.836-41.989 41.989-41.989s41.989 18.836 41.989 41.989c0 23.149-18.831 41.983-41.979 41.989-.004 0-.007 0-.011 0-.003 0-.007 0-.01 0-23.148-.007-41.978-18.84-41.978-41.989zm41.989 57.989h.01c36.666.005 69.685 22.371 83.72 55.539h-167.463c14.036-33.168 47.056-55.535 83.723-55.539.003-.001.006 0 .01 0zm-167.374-57.989c0-23.153 18.836-41.989 41.988-41.989 23.153 0 41.989 18.836 41.989 41.989 0 23.149-18.831 41.983-41.979 41.989-.003 0-.007 0-.01 0s-.007 0-.011 0c-23.147-.006-41.977-18.84-41.977-41.989zm41.977 57.988h.011s.007 0 .01 0c17.842.002 35.302 5.314 50.08 15.074-11.423 11.383-20.231 25.297-25.563 40.466h-108.26c14.035-33.168 47.055-55.535 83.722-55.54zm254.577 357.159c-35.018 0-63.506-28.488-63.506-63.505 0-35.018 28.488-63.506 63.506-63.506 35.017 0 63.505 28.488 63.505 63.506 0 35.017-28.489 63.505-63.505 63.505zm102.819-40.934c0 1.723-1.455 3.179-3.178 3.179h-24.44c2.775-8.082 4.304-16.738 4.304-25.749 0-43.84-35.666-79.506-79.505-79.506-14.284 0-27.688 3.806-39.286 10.428-1.217-.748-2.644-1.186-4.177-1.186h-106.344c-4.418 0-8 3.582-8 8s3.582 8 8 8h91.775c-13.305 14.219-21.475 33.301-21.475 54.265 0 9.011 1.528 17.667 4.304 25.749h-282.8c-1.723 0-3.179-1.456-3.179-3.179v-241.509c0-1.723 1.456-3.178 3.179-3.178h457.644c1.723 0 3.178 1.455 3.178 3.178zm-362.005-211.65c-50.12 0-90.896 40.775-90.896 90.896s40.775 90.896 90.896 90.896 90.897-40.776 90.897-90.896-40.777-90.896-90.897-90.896zm-49.008 147.46c4.388-23.387 24.791-40.569 49.009-40.569 24.217 0 44.62 17.181 49.009 40.567-13.146 11.406-30.279 18.334-49.01 18.334-18.73 0-35.862-6.927-49.008-18.332zm27.741-77.838c0-11.728 9.541-21.269 21.269-21.269s21.269 9.541 21.269 21.269-9.541 21.269-21.269 21.269-21.269-9.541-21.269-21.269zm82.89 63.773c-6.342-16.814-19.278-30.178-35.563-37.164 6.911-6.769 11.209-16.194 11.209-26.609 0-20.55-16.719-37.269-37.269-37.269s-37.269 16.719-37.269 37.269c0 10.415 4.299 19.84 11.209 26.609-16.285 6.986-29.222 20.35-35.563 37.165-8.36-12.084-13.274-26.726-13.274-42.5 0-41.298 33.598-74.896 74.896-74.896s74.896 33.598 74.896 74.896c.002 15.774-4.912 30.415-13.272 42.499zm235.644-123.395h-181.888c-7.72 0-14 6.28-14 14v20.092c0 7.72 6.28 14 14 14h181.888c7.719 0 13.999-6.28 13.999-14v-20.092c0-7.719-6.281-14-13.999-14zm-2.001 32.092h-177.887v-16.092h177.887zm14.887 131.858c-1.303-4.01-4.865-6.734-9.078-6.94l-23.966-1.168-8.517-22.433c-1.495-3.938-5.188-6.482-9.407-6.482s-7.912 2.545-9.407 6.482l-8.517 22.433-23.968 1.168c-4.212.206-7.775 2.931-9.078 6.941s-.021 8.31 3.267 10.951l18.702 15.032-6.295 23.155c-1.105 4.068.384 8.299 3.795 10.777 3.411 2.48 7.896 2.588 11.426.279l20.075-13.143 20.077 13.144c1.692 1.107 3.604 1.658 5.513 1.658 2.07 0 4.136-.648 5.911-1.938 3.41-2.479 4.9-6.709 3.795-10.779l-6.296-23.153 18.705-15.034c3.286-2.643 4.567-6.941 3.263-10.95zm-35.022 15.949c-3.116 2.506-4.452 6.619-3.404 10.481l3.212 11.812-10.242-6.705c-3.349-2.192-7.677-2.192-11.021 0l-10.242 6.705 3.215-11.823c1.043-3.856-.294-7.967-3.409-10.472l-9.542-7.669 12.22-.596c4.002-.191 7.506-2.736 8.925-6.479l4.345-11.445 4.344 11.441c1.42 3.746 4.924 6.291 8.918 6.481l12.228.597zm8.413-103.085c0 4.418-3.582 8-8 8h-166.165c-4.418 0-8-3.582-8-8s3.582-8 8-8h166.165c4.418 0 8 3.582 8 8z\"><\/path><\/svg>\t\t\t\t<\/span>\n\t\t\t<\/div>\n\t\t\t\n\t\t\t\t\t\t<div class=\"elementor-icon-box-content\">\n\n\t\t\t\t\t\t\t\t\t<h3 class=\"elementor-icon-box-title\">\n\t\t\t\t\t\t<span  >\n\t\t\t\t\t\t\tInt\u00e9r\u00eats d&#039;adh\u00e9sion\t\t\t\t\t\t<\/span>\n\t\t\t\t\t<\/h3>\n\t\t\t\t\n\t\t\t\t\t\t\t\t\t<p class=\"elementor-icon-box-description\">\n\t\t\t\t\t\tVous souhaitez adh\u00e9rer \u00e0 IWCA Canada ou rester inform\u00e9(e) des lancements d&#039;adh\u00e9sion\u00a0?.\t\t\t\t\t<\/p>\n\t\t\t\t\n\t\t\t<\/div>\n\t\t\t\n\t\t<\/div>\n\t\t\t\t\t\t<\/div>\n\t\t\t\t<div class=\"elementor-element elementor-element-5e7cb9a elementor-view-default elementor-position-block-start elementor-mobile-position-block-start elementor-widget elementor-widget-icon-box\" data-id=\"5e7cb9a\" data-element_type=\"widget\" data-e-type=\"widget\" data-widget_type=\"icon-box.default\">\n\t\t\t\t\t\t\t<div class=\"elementor-icon-box-wrapper\">\n\n\t\t\t\t\t\t<div class=\"elementor-icon-box-icon\">\n\t\t\t\t<span  class=\"elementor-icon\">\n\t\t\t\t<svg xmlns=\"http:\/\/www.w3.org\/2000\/svg\" id=\"Layer_1\" height=\"512\" viewbox=\"0 0 512 512\" width=\"512\"><path d=\"m408.99 103.56c28.72 0 52.09-23.37 52.09-52.09s-23.37-52.08-52.09-52.08-52.09 23.36-52.09 52.08 23.37 52.09 52.09 52.09zm0-88.16c19.89 0 36.07 16.18 36.07 36.07s-16.18 36.07-36.07 36.07-36.07-16.18-36.07-36.07 16.18-36.07 36.07-36.07zm-253.36 88.16c28.72 0 52.09-23.37 52.09-52.09s-23.37-52.08-52.09-52.08-52.09 23.37-52.09 52.09 23.36 52.08 52.09 52.08zm0-88.16c19.89 0 36.07 16.18 36.07 36.07s-16.18 36.07-36.07 36.07-36.07-16.18-36.07-36.07 16.18-36.07 36.07-36.07zm126.68 129.38c28.72 0 52.09-23.37 52.09-52.09s-23.37-52.09-52.09-52.09-52.09 23.37-52.09 52.09 23.36 52.09 52.09 52.09zm0-88.16c19.89 0 36.07 16.18 36.07 36.07s-16.18 36.07-36.07 36.07-36.07-16.18-36.07-36.07 16.18-36.07 36.07-36.07zm229.52 356.95-29.17-136.46c-.44-2.08-1.69-3.89-3.48-5.05-1.78-1.16-3.95-1.55-6.03-1.11l-65.91 14.09h-.01l-28.78 6.14c-3.73-2.19-7.49-4.25-11.28-6.2 7.56-6.18 12.36-15.58 12.36-26.08v-7.58h93.05c18.55 0 33.63-15.09 33.63-33.63v-36.79c0-38.85-31.61-70.46-70.46-70.46h-53.55c-28.01 0-53.05 16.54-64.31 41.78-2.88-.36-5.81-.57-8.79-.57h-53.57c-2.98 0-5.91.21-8.79.57-11.27-25.25-36.3-41.78-64.31-41.78h-53.57c-38.85 0-70.46 31.61-70.46 70.46v36.79c0 18.54 15.09 33.63 33.63 33.63h93.05v7.58c0 4.93 1.07 9.66 3.03 13.96-13.22 3.59-26.09 7.62-38.7 11.58-6.68 2.09-13.02 4.08-19.38 6l-25.23-5.41-65.93-14.09c-4.33-.92-8.58 1.83-9.5 6.16l-29.2 136.47c-.44 2.08-.04 4.25 1.11 6.03s2.97 3.03 5.05 3.48l65.93 14.09h.01c.25.05.5.09.75.12.03 0 .06.01.09.01.07.01.14.01.2.01.21.02.42.03.63.03h.03c5.4.01 16.85 2.74 26.04 5.45-.42 6.84 1.68 13.83 6.41 19.44.12.17.26.33.39.49 5.43 6.16 13.02 9.31 20.66 9.31 6.47 0 12.97-2.26 18.2-6.86h.01l.86-.76c1.12 3.76 3.04 7.26 5.71 10.27 4.83 5.51 11.54 8.8 18.89 9.28.61.04 1.22.06 1.83.06 3.44 0 6.8-.64 9.93-1.86.98 4.36 3.03 8.54 6.18 12.12 4.85 5.51 11.58 8.8 18.93 9.26.59.04 1.18.06 1.76.06 6.71 0 13.1-2.41 18.16-6.87l4.23-3.73c1.1 3.71 3 7.24 5.72 10.32 4.85 5.51 11.57 8.79 18.93 9.25.59.04 1.18.06 1.77.06 6.72 0 13.11-2.41 18.16-6.87l7.09-6.27c.72-.63 1.39-1.29 2.04-1.98 34-5.36 69.96-22.05 109.76-50.9l44.13-9.43 65.91-14.09c4.33-.94 7.09-5.2 6.16-9.52zm-133.09-106.06 24.03-5.13 25.82 120.8-33.13 7.08c-21.06-25.12-49.23-39.29-76.53-53.02-31.64-15.91-61.52-30.94-77.55-61.59-1.18-2.26-3.36-3.82-5.88-4.2-2.52-.39-5.07.45-6.87 2.25-19.9 19.85-46.05 29.4-61.57 28.61-4.36-.23-6.38-1.25-6.92-1.71.03-1.19 1.64-5.41 9.08-12.28l49.6-46.26c58.06-11.15 108.49-3.13 154.09 24.49 1.76 1.03 3.84 1.38 5.83.96zm3.46-181.05h53.58c30.02 0 54.44 24.42 54.44 54.44v36.79c0 9.71-7.9 17.62-17.62 17.62h-93.05v-13.2c0-30.17-19.07-55.97-45.79-65.99 9.23-18.02 27.79-29.66 48.44-29.66zm-290.18 108.85c-9.71 0-17.62-7.9-17.62-17.62v-36.79c0-30.02 24.42-54.44 54.44-54.44h53.57c20.65 0 39.21 11.64 48.44 29.67-26.72 10.02-45.79 35.82-45.79 65.99v13.2h-93.04zm109.06 23.6v-36.79c0-30.02 24.42-54.44 54.44-54.44h53.57c30.02 0 54.44 24.42 54.44 54.44v36.79c0 8.73-6.68 16.25-15.19 17.47-40.9-16.37-85.35-19.51-134.87-9.62-.01 0-.01 0-.02 0s-.02 0-.03 0c-3.12.64-6.21 1.33-9.28 2.05-1.96-2.86-3.06-6.28-3.06-9.9zm-157.76 29.38 50.27 10.74-25.82 120.8-50.27-10.75zm40.29 134.05 25.64-119.96 19.41 4.16c.55.12 1.12.18 1.68.18.77 0 1.55-.11 2.29-.33 7.13-2.13 14.46-4.43 21.55-6.65 10.75-3.37 21.7-6.8 32.84-9.94l-28.69 26.76c-11.1 10.25-15.73 19.63-13.76 27.87.84 3.51 3.71 9.81 13.51 12.58 16.94 4.8 48.69-3.61 74.31-25.08 19.13 29.31 49.7 44.69 79.35 59.61 24.68 12.41 50.11 25.21 68.9 46.09-31.63 22.19-60.43 36.09-87.49 42.18.26-7.09-2.14-13.87-6.83-19.2-6.09-6.89-14.9-9.99-23.44-9.14-.4-5.82-2.65-11.55-6.79-16.25-4.85-5.51-11.57-8.79-18.93-9.25-4.06-.26-8.03.37-11.7 1.79-.98-4.36-3.04-8.55-6.2-12.14-4.86-5.5-11.58-8.78-18.92-9.24-7.35-.47-14.44 1.96-19.93 6.81l-.87.77c-1.1-3.71-3-7.24-5.72-10.33-10.05-11.37-27.49-12.46-38.88-2.43l-25.69 22.65c-1.36 1.21-2.58 2.52-3.64 3.91-6.15-1.85-14.58-4.13-22-5.42zm35.5 30.09c-.09-.12-.19-.23-.29-.34-4.2-4.75-3.73-12.04 1.03-16.24l25.68-22.64c4.77-4.2 12.08-3.74 16.28 1.01 4.17 4.73 3.75 11.94-.9 16.15l-6.21 5.47c-.13.12-.25.24-.38.35l-19.22 16.95c-4.69 4.11-11.77 3.77-15.99-.71zm53.05 15.53c-3.08-.2-5.88-1.57-7.9-3.88-2.02-2.29-3.02-5.24-2.83-8.32.19-2.99 1.49-5.72 3.66-7.73l6.29-5.55c.09-.08.17-.16.25-.23l19.37-17.07c2.1-1.86 4.76-2.85 7.57-2.85.25 0 .5.01.75.02 3.08.2 5.9 1.57 7.92 3.85 4.18 4.75 3.75 11.99-.95 16.19l-14.79 13.02c-.16.14-.31.29-.46.43l-10.53 9.28c-2.28 2.03-5.25 3.04-8.35 2.84zm45.18 16.73c0 .01 0 .01 0 0-2.3 2.03-5.27 3.04-8.34 2.85-3.08-.19-5.89-1.56-7.91-3.86-4.12-4.68-3.74-11.8.78-16.03l14.94-13.18c.05-.04.09-.09.14-.13l10.87-9.58c2.1-1.86 4.77-2.85 7.58-2.85.25 0 .5.01.75.02 3.09.19 5.9 1.56 7.92 3.86 4.2 4.75 3.73 12.04-1.02 16.24zm48.81 9.05c-2.28 2.02-5.25 3.02-8.32 2.83-3.09-.19-5.9-1.56-7.92-3.86-4.2-4.75-3.73-12.04 1.03-16.25l7.1-6.28c4.79-4.19 12.09-3.73 16.28 1.01 2.02 2.3 3.03 5.27 2.83 8.36-.2 3.08-1.57 5.88-3.88 7.9zm178.1-73.91-25.82-120.8 50.24-10.74 25.82 120.8z\"><\/path><\/svg>\t\t\t\t<\/span>\n\t\t\t<\/div>\n\t\t\t\n\t\t\t\t\t\t<div class=\"elementor-icon-box-content\">\n\n\t\t\t\t\t\t\t\t\t<h3 class=\"elementor-icon-box-title\">\n\t\t\t\t\t\t<span  >\n\t\t\t\t\t\t\tOpportunit\u00e9s de partenariat\t\t\t\t\t\t<\/span>\n\t\t\t\t\t<\/h3>\n\t\t\t\t\n\t\t\t\t\t\t\t\t\t<p class=\"elementor-icon-box-description\">\n\t\t\t\t\t\tInt\u00e9ress\u00e9(e) par une collaboration, un parrainage ou un soutien \u00e0 nos initiatives ?.\t\t\t\t\t<\/p>\n\t\t\t\t\n\t\t\t<\/div>\n\t\t\t\n\t\t<\/div>\n\t\t\t\t\t\t<\/div>\n\t\t\t\t\t<\/div>\n\t\t\t\t<\/div>\n\t\t\t\t\t<\/div>\n\t\t\t\t<\/div>\n\t\t<div class=\"elementor-element elementor-element-a1b2123 e-flex e-con-boxed e-con e-parent\" data-id=\"a1b2123\" data-element_type=\"container\" data-e-type=\"container\">\n\t\t\t\t\t<div class=\"e-con-inner\">\n\t\t<div class=\"elementor-element elementor-element-9d8675b e-con-full elementor-hidden-tablet elementor-hidden-mobile e-flex e-con e-child\" data-id=\"9d8675b\" data-element_type=\"container\" data-e-type=\"container\">\n\t\t\t\t<div class=\"elementor-element elementor-element-d509175 coffee-hue elementor-widget elementor-widget-image\" data-id=\"d509175\" data-element_type=\"widget\" data-e-type=\"widget\" data-widget_type=\"image.default\">\n\t\t\t\t\t\t\t\t\t\t\t\t\t\t\t<img alt=\"\" fetchpriority=\"high\" decoding=\"async\" width=\"600\" height=\"769\" src=\"https:\/\/iwcacanada.nuwebsite.ca\/wp-content\/uploads\/2026\/04\/contact-iwca-canada.jpg\" class=\"attachment-large size-large wp-image-1634\" srcset=\"https:\/\/iwcacanada.nuwebsite.ca\/wp-content\/uploads\/2026\/04\/contact-iwca-canada.jpg 600w, https:\/\/iwcacanada.nuwebsite.ca\/wp-content\/uploads\/2026\/04\/contact-iwca-canada-234x300.jpg 234w\" sizes=\"(max-width: 600px) 100vw, 600px\" \/>\t\t\t\t\t\t\t\t\t\t\t\t\t\t\t<\/div>\n\t\t\t\t<\/div>\n\t\t<div class=\"elementor-element elementor-element-2928a01 e-con-full e-flex e-con e-child\" data-id=\"2928a01\" data-element_type=\"container\" data-e-type=\"container\">\n\t\t\t\t<div class=\"elementor-element elementor-element-4cbbd60 elementor-widget elementor-widget-heading\" data-id=\"4cbbd60\" data-element_type=\"widget\" data-e-type=\"widget\" data-widget_type=\"heading.default\">\n\t\t\t\t\t<h2 class=\"elementor-heading-title elementor-size-default\">Avez-vous des questions \u00e0 nous poser ?<\/h2>\t\t\t\t<\/div>\n\t\t\t\t<div class=\"elementor-element elementor-element-c0aa506 elementor-widget elementor-widget-text-editor\" data-id=\"c0aa506\" data-element_type=\"widget\" data-e-type=\"widget\" data-widget_type=\"text-editor.default\">\n\t\t\t\t\t\t\t\t\tVous avez une question ou une id\u00e9e\u00a0? Envoyez-nous un message et nous vous r\u00e9pondrons dans les plus brefs d\u00e9lais.\t\t\t\t\t\t\t\t<\/div>\n\t\t\t\t<div class=\"elementor-element elementor-element-9c52c8e elementor-widget elementor-widget-shortcode\" data-id=\"9c52c8e\" data-element_type=\"widget\" data-e-type=\"widget\" data-widget_type=\"shortcode.default\">\n\t\t\t\t\t\t\t<div class=\"elementor-shortcode\">\n<div class=\"wpcf7 no-js\" id=\"wpcf7-f644-o1\" lang=\"en-US\" dir=\"ltr\" data-wpcf7-id=\"644\">\n<div class=\"screen-reader-response\"><p role=\"status\" aria-live=\"polite\" aria-atomic=\"true\"><\/p> <ul><\/ul><\/div>\n<form action=\"\/fr\/wp-json\/wp\/v2\/pages\/188#wpcf7-f644-o1\" method=\"post\" class=\"wpcf7-form init\" aria-label=\"Contact form\" novalidate=\"novalidate\" data-status=\"init\" data-trp-original-action=\"\/fr\/wp-json\/wp\/v2\/pages\/188#wpcf7-f644-o1\">\n<fieldset class=\"hidden-fields-container\"><input type=\"hidden\" name=\"_wpcf7\" value=\"644\" \/><input type=\"hidden\" name=\"_wpcf7_version\" value=\"6.1.5\" \/><input type=\"hidden\" name=\"_wpcf7_locale\" value=\"en_US\" \/><input type=\"hidden\" name=\"_wpcf7_unit_tag\" value=\"wpcf7-f644-o1\" \/><input type=\"hidden\" name=\"_wpcf7_container_post\" value=\"0\" \/><input type=\"hidden\" name=\"_wpcf7_posted_data_hash\" value=\"\" \/>\n<\/fieldset>\n<div class=\"half-row\">\n<div class=\"input-group\"><label>Pr\u00e9nom *<span class=\"wpcf7-form-control-wrap\" data-name=\"first-name\"><input size=\"40\" maxlength=\"400\" class=\"wpcf7-form-control wpcf7-text wpcf7-validates-as-required\" aria-required=\"true\" aria-invalid=\"false\" placeholder=\"Pr\u00e9nom\" value=\"\" type=\"text\" name=\"first-name\" \/><\/span><\/label><\/div>\n<div class=\"input-group\"><label>Nom de famille *<span class=\"wpcf7-form-control-wrap\" data-name=\"last-name\"><input size=\"40\" maxlength=\"400\" class=\"wpcf7-form-control wpcf7-text wpcf7-validates-as-required\" aria-required=\"true\" aria-invalid=\"false\" placeholder=\"Nom de famille\" value=\"\" type=\"text\" name=\"last-name\" \/><\/span><\/label><\/div>\n<\/div>\n<div class=\"half-row\">\n<div class=\"input-group\"><label>Adresse courriel *<span class=\"wpcf7-form-control-wrap\" data-name=\"your-email\"><input size=\"40\" maxlength=\"400\" class=\"wpcf7-form-control wpcf7-email wpcf7-validates-as-required wpcf7-text wpcf7-validates-as-email\" autocomplete=\"email\" aria-required=\"true\" aria-invalid=\"false\" placeholder=\"Adresse email\" value=\"\" type=\"email\" name=\"your-email\" \/><\/span><\/label><\/div>\n<div class=\"input-group\"><label>Organisation<span class=\"wpcf7-form-control-wrap\" data-name=\"organization\"><input size=\"40\" maxlength=\"400\" class=\"wpcf7-form-control wpcf7-text\" aria-invalid=\"false\" placeholder=\"Votre organisation\" value=\"\" type=\"text\" name=\"organization\" \/><\/span><\/label><\/div>\n<\/div>\n<div class=\"half-row\">\n<div class=\"input-group\"><label>Domaine d&#039;int\u00e9r\u00eat *<span class=\"wpcf7-form-control-wrap\" data-name=\"interest\"><select class=\"wpcf7-form-control wpcf7-select wpcf7-validates-as-required\" aria-required=\"true\" aria-invalid=\"false\" name=\"interest\"><option value=\"\">&#8212;Please choose an option&#8212;<\/option><option value=\"General Inquiry\">Renseignements g\u00e9n\u00e9raux<\/option><option value=\"Membership\">Adh\u00e9sion<\/option><option value=\"Partnership Opportunity\">Opportunit\u00e9 de partenariat<\/option><option value=\"Sponsorship\/Donation\">Parrainage\/Don<\/option><option value=\"Other\">Autre<\/option><\/select><\/span><\/label> <\/div>\n<div class=\"input-group\"><label>R\u00f4le actuel*<span class=\"wpcf7-form-control-wrap\" data-name=\"experience\"><select class=\"wpcf7-form-control wpcf7-select wpcf7-validates-as-required\" aria-required=\"true\" aria-invalid=\"false\" name=\"experience\"><option value=\"\">&#8212;Please choose an option&#8212;<\/option><option value=\"Coffee Producer\">Producteur de caf\u00e9<\/option><option value=\"Trader\">Commer\u00e7ant<\/option><option value=\"Roaster\">R\u00f4tissoire<\/option><option value=\"Cafe Owner\">Propri\u00e9taire de caf\u00e9<\/option><option value=\"Barista\">Barista<\/option><option value=\"Researcher\">Chercheur<\/option><option value=\"Educator\">\u00c9ducateur<\/option><option value=\"Coffee Supporter\">Supporter du caf\u00e9<\/option><option value=\"Other\">Autre<\/option><\/select><\/span><\/label> <\/div>\n<\/div>\n<span class=\"wpcf7-form-control-wrap\" data-name=\"your-message\"><textarea cols=\"40\" rows=\"10\" maxlength=\"2000\" class=\"wpcf7-form-control wpcf7-textarea wpcf7-validates-as-required\" aria-required=\"true\" aria-invalid=\"false\" placeholder=\"Comment pouvons-nous vous aider ?*\" name=\"your-message\"><\/textarea><\/span>\n\n<p><input class=\"wpcf7-form-control wpcf7-submit has-spinner theme-btn\" type=\"submit\" value=\"Soumettez votre demande\" \/><\/p><div class=\"wpcf7-response-output\" aria-hidden=\"true\"><\/div>\n<input type=\"hidden\" name=\"trp-form-language\" value=\"fr\"\/><\/form>\n<\/div>\n<\/div>\n\t\t\t\t\t\t<\/div>\n\t\t\t\t<\/div>\n\t\t\t\t\t<\/div>\n\t\t\t\t<\/div>\n\t\t\t\t<\/div>","protected":false},"excerpt":{"rendered":"<p>Contact Us Get in Touch We\u2019d love to hear from you. Whether you have a question, want to get involved, or are interested in partnering with IWCA Canada, our team [&hellip;]<\/p>\n","protected":false},"author":1,"featured_media":0,"parent":0,"menu_order":0,"comment_status":"closed","ping_status":"closed","template":"","meta":{"_acf_changed":false,"give_campaign_id":0,"_seopress_robots_primary_cat":"","_seopress_titles_title":"Contact IWCA Canada | Get in Touch","_seopress_titles_desc":"Get in touch with IWCA Canada for inquiries, partnerships, or to learn more about our initiatives supporting women in coffee.","_seopress_robots_index":"","footnotes":""},"class_list":["post-188","page","type-page","status-publish"],"acf":[],"campaignId":"","_links":{"self":[{"href":"https:\/\/iwcacanada.nuwebsite.ca\/fr\/wp-json\/wp\/v2\/pages\/188","targetHints":{"allow":["GET"]}}],"collection":[{"href":"https:\/\/iwcacanada.nuwebsite.ca\/fr\/wp-json\/wp\/v2\/pages"}],"about":[{"href":"https:\/\/iwcacanada.nuwebsite.ca\/fr\/wp-json\/wp\/v2\/types\/page"}],"author":[{"embeddable":true,"href":"https:\/\/iwcacanada.nuwebsite.ca\/fr\/wp-json\/wp\/v2\/users\/1"}],"replies":[{"embeddable":true,"href":"https:\/\/iwcacanada.nuwebsite.ca\/fr\/wp-json\/wp\/v2\/comments?post=188"}],"version-history":[{"count":10,"href":"https:\/\/iwcacanada.nuwebsite.ca\/fr\/wp-json\/wp\/v2\/pages\/188\/revisions"}],"predecessor-version":[{"id":2024,"href":"https:\/\/iwcacanada.nuwebsite.ca\/fr\/wp-json\/wp\/v2\/pages\/188\/revisions\/2024"}],"wp:attachment":[{"href":"https:\/\/iwcacanada.nuwebsite.ca\/fr\/wp-json\/wp\/v2\/media?parent=188"}],"curies":[{"name":"wp","href":"https:\/\/api.w.org\/{rel}","templated":true}]}}